{"id":101,"date":"2020-09-21T17:42:39","date_gmt":"2020-09-21T20:42:39","guid":{"rendered":"http:\/\/cristalservicoscontabeis.com\/?page_id=101"},"modified":"2020-09-21T18:25:07","modified_gmt":"2020-09-21T21:25:07","slug":"links-uteis","status":"publish","type":"page","link":"https:\/\/cristalservicoscontabeis.com\/index.php\/links-uteis\/","title":{"rendered":"Links \u00dateis"},"content":{"rendered":"\n<p>\n<b>CERTID\u00d5ES<br><br> \n\nFederal<\/b><br>\n<a href=\"http:\/\/servicos.receita.fazenda.gov.br\/Servicos\/certidao\/CNDConjuntaInter\/InformaNICertidao.asp?tipo=1\" target=\"_blank\" rel=\"noopener noreferrer\">\nCertid\u00e3o de D\u00e9bitos Relativos a Cr\u00e9ditos Tribut\u00e1rios Federais e \u00e0 D\u00edvida Ativa da Uni\u00e3o<\/a><br><br>\n\n<b>Estadual<\/b><br>\n<a href=\"https:\/\/www.dividaativa.pge.sp.gov.br\/sc\/pages\/crda\/emitirCrda.jsf?param=6628\" target=\"_blank\" rel=\"noopener noreferrer\">CRDA &#8211; Certid\u00e3o Negativa de D\u00e9bitos da D\u00edvida Ativa<\/a><br>\n<a href=\"https:\/\/www10.fazenda.sp.gov.br\/CertidaoNegativaDeb\/Pages\/EmissaoCertidaoNegativa.aspx\" target=\"_blank\" rel=\"noopener noreferrer\">\nCertid\u00e3o Negativa de D\u00e9bitos Tribut\u00e1rios N\u00e3o Inscritos<\/a><br><br>\n\n<b>FGTS-CRF<\/b><br>\n<a href=\"https:\/\/consulta-crf.caixa.gov.br\/consultacrf\/pages\/consultaEmpregador.jsf\" target=\"_blank\" rel=\"noopener noreferrer\">Consulta Regularidade do Empregador<\/a><br><br>\n\n<b>TRABALHISTA<\/b><br>\n<a href=\"http:\/\/www.tst.jus.br\/certidao\" target=\"_blank\" rel=\"noopener noreferrer\">Certid\u00e3o Negativa de D\u00e9bitos Trabalhistas<\/a><br>\n<a href=\"http:\/\/cdcit.mte.gov.br\/inter\/cdcit\/emitir.seam\" target=\"_blank\" rel=\"noopener noreferrer\">Certid\u00e3o de D\u00e9bitos Trabalhistas<\/a><br><br>\n\n<b>TRIBUNAL DE JUSTI\u00c7A<\/b><br>\n<a href=\"https:\/\/esaj.tjsp.jus.br\/sco\/abrirCadastro.do\" target=\"_blank\" rel=\"noopener noreferrer\">Cadastro de Pedido de Certid\u00e3o<\/a><br><br>\n\n<b>PREFEITURAS<\/b><br>\n<a href=\"https:\/\/www.santos.sp.gov.br\/?q=content\/alvara-mobiliario-e-certidoes\" target=\"_blank\" rel=\"noopener noreferrer\">Santos<\/a><br>\n<a href=\"http:\/\/www.praiagrande.sp.gov.br\/Atendimento\/Tributo.asp?cd_pagina=282\" target=\"_blank\" rel=\"noopener noreferrer\">Praia Grande<\/a><br><br>\n\n<b>ALVAR\u00c1S<\/b><br>\n<a href=\"https:\/\/egov1.santos.sp.gov.br\/tribusweb\/Mobiliario\/Alvara\" target=\"_blank\" rel=\"noopener noreferrer\">Santos<\/a><br>\n<a href=\"http:\/\/sistema.cubatao.sp.gov.br:8080\/tbw\/loginWeb.jsp?execobj=ServicoReemissaoAlvara\" target=\"_blank\" rel=\"noopener noreferrer\">Cubat\u00e3o<\/a><br><br>\n\n<b>Consulta Cadastro de Empresas<\/b><br>\n<a href=\"<br>http:\/\/sistema.cubatao.sp.gov.br:8080\/tbw\/loginWeb.jsp?execobj=ServicoHome&#8221; target=_blank>Cubat\u00e3o<\/a><br><br>\n\n<b>E-Social<\/b><br>\n<a href=\"http:\/\/consultacadastral.inss.gov.br\/Esocial\/pages\/index.xhtml;jsessionid=XBJTfg2F7LSvFhcJrn9ng6PHn3J69jjvPvspz6ThLyQQsc1XmQFP!113961375\" target=\"_blank\" rel=\"noopener noreferrer\">Qualifica\u00e7\u00e3o Cadastral Online<\/a><br><br>\n\n<b>OUTROS LINKS<\/b><br><br>\n\n<a href=\"http:\/\/receita.economia.gov.br\/\" target=\"_blank\" rel=\"noopener noreferrer\">\nReceita Federal<\/a><br>\n<a href=\"https:\/\/www.caixa.gov.br\/Paginas\/home-caixa.aspx\" target=\"_blank\" rel=\"noopener noreferrer\">\nCaixa Econ\u00f4mica Federal<\/a><br>\n<a href=\"http:\/\/www.economia.df.gov.br\/\" target=\"_blank\" rel=\"noopener noreferrer\">\nSecretaria de Estado de Fazenda do Distrito Federal<\/a><br>\n<a href=\"http:\/\/www.nfe.fazenda.gov.br\/portal\/principal.aspx\" target=\"_blank\" rel=\"noopener noreferrer\">\nPortal Nota Fiscal Eletr\u00f4nica<\/a><br>\n<a href=\"https:\/\/www.gov.br\/trabalho\/pt-br\" target=\"_blank\" rel=\"noopener noreferrer\">\nMinist\u00e9rio da Economia &#8211; Secretaria do Trabalho<\/a><br>\n<a href=\"https:\/\/www.inss.gov.br\/\" target=\"_blank\" rel=\"noopener noreferrer\">\nINSS &#8211; Instituto Nacional do Seguro Social<\/a><br>\n<a href=\"http:\/\/www.rais.gov.br\/sitio\/index.jsf\" target=\"_blank\" rel=\"noopener noreferrer\">\nRAIS<\/a><br>\n<a href=\"https:\/\/cfc.org.br\/?acesso=1\" target=\"_blank\" rel=\"noopener noreferrer\">\nConselho Federal de Contabilidade<\/a><br>\n<a href=\"https:\/\/online.crcsp.org.br\/portal\/index.asp\" target=\"_blank\" rel=\"noopener noreferrer\">\nConselho Regional de Contabilidade<\/a><br>\n<a href=\"https:\/\/www.gov.br\/tesouronacional\/pt-br\" target=\"_blank\" rel=\"noopener noreferrer\">\nTesouro Nacional<\/a><br>\n<a href=\"https:\/\/www.tesourotransparente.gov.br\/publicacoes\/manual-de-contabilidade-aplicada-ao-setor-publico-mcasp\/2019\/26\" target=\"_blank\" rel=\"noopener noreferrer\">\nManual de Contabilidade aplicado ao Setor P\u00fablico<\/a><br>\n\n<\/p>\n","protected":false},"excerpt":{"rendered":"<p>CERTID\u00d5ES Federal Certid\u00e3o de D\u00e9bitos Relativos a Cr\u00e9ditos Tribut\u00e1rios Federais e \u00e0 D\u00edvida Ativa da Uni\u00e3o Estadual CRDA &#8211; Certid\u00e3o Negativa de D\u00e9bitos da D\u00edvida Ativa Certid\u00e3o Negativa de D\u00e9bitos Tribut\u00e1rios N\u00e3o Inscritos FGTS-CRF Consulta Regularidade do Empregador TRABALHISTA Certid\u00e3o Negativa de D\u00e9bitos Trabalhistas Certid\u00e3o de D\u00e9bitos Trabalhistas TRIBUNAL DE JUSTI\u00c7A Cadastro de Pedido de &hellip; <\/p>\n<p class=\"link-more\"><a href=\"https:\/\/cristalservicoscontabeis.com\/index.php\/links-uteis\/\" class=\"more-link\">Continue lendo<span class=\"screen-reader-text\"> &#8220;Links \u00dateis&#8221;<\/span><\/a><\/p>\n","protected":false},"author":1,"featured_media":0,"parent":0,"menu_order":0,"comment_status":"closed","ping_status":"closed","template":"","meta":[],"_links":{"self":[{"href":"https:\/\/cristalservicoscontabeis.com\/index.php\/wp-json\/wp\/v2\/pages\/101"}],"collection":[{"href":"https:\/\/cristalservicoscontabeis.com\/index.php\/wp-json\/wp\/v2\/pages"}],"about":[{"href":"https:\/\/cristalservicoscontabeis.com\/index.php\/wp-json\/wp\/v2\/types\/page"}],"author":[{"embeddable":true,"href":"https:\/\/cristalservicoscontabeis.com\/index.php\/wp-json\/wp\/v2\/users\/1"}],"replies":[{"embeddable":true,"href":"https:\/\/cristalservicoscontabeis.com\/index.php\/wp-json\/wp\/v2\/comments?post=101"}],"version-history":[{"count":9,"href":"https:\/\/cristalservicoscontabeis.com\/index.php\/wp-json\/wp\/v2\/pages\/101\/revisions"}],"predecessor-version":[{"id":110,"href":"https:\/\/cristalservicoscontabeis.com\/index.php\/wp-json\/wp\/v2\/pages\/101\/revisions\/110"}],"wp:attachment":[{"href":"https:\/\/cristalservicoscontabeis.com\/index.php\/wp-json\/wp\/v2\/media?parent=101"}],"curies":[{"name":"wp","href":"https:\/\/api.w.org\/{rel}","templated":true}]}}