{"id":49,"date":"2020-09-04T16:58:09","date_gmt":"2020-09-04T19:58:09","guid":{"rendered":"http:\/\/cristalservicoscontabeis.com\/?page_id=49"},"modified":"2020-09-04T16:58:09","modified_gmt":"2020-09-04T19:58:09","slug":"nossos-servicos","status":"publish","type":"page","link":"https:\/\/cristalservicoscontabeis.com\/index.php\/nossos-servicos\/","title":{"rendered":"Nossos Servi\u00e7os"},"content":{"rendered":"\n<p style=\"text-align: justify\"> Principais Servi\u00e7os oferecidos pela Cristal Servi\u00e7os Cont\u00e1beis para as Pequenas e M\u00e9dias Empresas:<\/p>\n<li>\u00c1rea Cont\u00e1bil<\/li>\n<li>\u00c1rea Fiscal<\/li>\n<li>\u00c1rea Trabalhista<\/li>\n<li>Terceiro Setor<\/li>\n<li>Demais Servi\u00e7os<\/li>\n","protected":false},"excerpt":{"rendered":"<p>Principais Servi\u00e7os oferecidos pela Cristal Servi\u00e7os Cont\u00e1beis para as Pequenas e M\u00e9dias Empresas: \u00c1rea Cont\u00e1bil \u00c1rea Fiscal \u00c1rea Trabalhista Terceiro Setor Demais Servi\u00e7os<\/p>\n","protected":false},"author":1,"featured_media":0,"parent":0,"menu_order":0,"comment_status":"closed","ping_status":"closed","template":"","meta":[],"_links":{"self":[{"href":"https:\/\/cristalservicoscontabeis.com\/index.php\/wp-json\/wp\/v2\/pages\/49"}],"collection":[{"href":"https:\/\/cristalservicoscontabeis.com\/index.php\/wp-json\/wp\/v2\/pages"}],"about":[{"href":"https:\/\/cristalservicoscontabeis.com\/index.php\/wp-json\/wp\/v2\/types\/page"}],"author":[{"embeddable":true,"href":"https:\/\/cristalservicoscontabeis.com\/index.php\/wp-json\/wp\/v2\/users\/1"}],"replies":[{"embeddable":true,"href":"https:\/\/cristalservicoscontabeis.com\/index.php\/wp-json\/wp\/v2\/comments?post=49"}],"version-history":[{"count":1,"href":"https:\/\/cristalservicoscontabeis.com\/index.php\/wp-json\/wp\/v2\/pages\/49\/revisions"}],"predecessor-version":[{"id":50,"href":"https:\/\/cristalservicoscontabeis.com\/index.php\/wp-json\/wp\/v2\/pages\/49\/revisions\/50"}],"wp:attachment":[{"href":"https:\/\/cristalservicoscontabeis.com\/index.php\/wp-json\/wp\/v2\/media?parent=49"}],"curies":[{"name":"wp","href":"https:\/\/api.w.org\/{rel}","templated":true}]}}