{"id":54,"date":"2020-09-04T17:01:53","date_gmt":"2020-09-04T20:01:53","guid":{"rendered":"http:\/\/cristalservicoscontabeis.com\/?page_id=54"},"modified":"2020-09-04T17:03:11","modified_gmt":"2020-09-04T20:03:11","slug":"parceiros","status":"publish","type":"page","link":"https:\/\/cristalservicoscontabeis.com\/index.php\/parceiros\/","title":{"rendered":"Parceiros"},"content":{"rendered":"\n<div class=\"wp-block-image\"><figure class=\"aligncenter size-large\"><a href=\"http:\/\/www.auditoriaepericia.net\" target=\"_blank\" rel=\"noopener noreferrer\"><img loading=\"lazy\" width=\"250\" height=\"250\" src=\"http:\/\/cristalservicoscontabeis.com\/wp-content\/uploads\/2020\/09\/logo_auditoria_e_pericia.jpg\" alt=\"\" class=\"wp-image-55\" srcset=\"https:\/\/cristalservicoscontabeis.com\/wp-content\/uploads\/2020\/09\/logo_auditoria_e_pericia.jpg 250w, https:\/\/cristalservicoscontabeis.com\/wp-content\/uploads\/2020\/09\/logo_auditoria_e_pericia-150x150.jpg 150w, https:\/\/cristalservicoscontabeis.com\/wp-content\/uploads\/2020\/09\/logo_auditoria_e_pericia-100x100.jpg 100w\" sizes=\"(max-width: 250px) 100vw, 250px\" \/><\/a><\/figure><\/div>\n\n\n\n<p style=\"text-align: justify\">A <B>Auditoria e Per\u00edcia<\/B> \u00e9 um parceiro altamente qualificado para atend\u00ea-lo nas \u00e1reas de auditoria preventiva ou corretiva, c\u00e1lculos ou assist\u00eancia t\u00e9cnica pericial, per\u00edcia cont\u00e1bil judicial, seguran\u00e7a da informa\u00e7\u00e3o, an\u00e1lise financeira, etc.<\/p>\n","protected":false},"excerpt":{"rendered":"<p>A Auditoria e Per\u00edcia \u00e9 um parceiro altamente qualificado para atend\u00ea-lo nas \u00e1reas de auditoria preventiva ou corretiva, c\u00e1lculos ou assist\u00eancia t\u00e9cnica pericial, per\u00edcia cont\u00e1bil judicial, seguran\u00e7a da informa\u00e7\u00e3o, an\u00e1lise financeira, etc.<\/p>\n","protected":false},"author":1,"featured_media":0,"parent":0,"menu_order":0,"comment_status":"closed","ping_status":"closed","template":"","meta":[],"_links":{"self":[{"href":"https:\/\/cristalservicoscontabeis.com\/index.php\/wp-json\/wp\/v2\/pages\/54"}],"collection":[{"href":"https:\/\/cristalservicoscontabeis.com\/index.php\/wp-json\/wp\/v2\/pages"}],"about":[{"href":"https:\/\/cristalservicoscontabeis.com\/index.php\/wp-json\/wp\/v2\/types\/page"}],"author":[{"embeddable":true,"href":"https:\/\/cristalservicoscontabeis.com\/index.php\/wp-json\/wp\/v2\/users\/1"}],"replies":[{"embeddable":true,"href":"https:\/\/cristalservicoscontabeis.com\/index.php\/wp-json\/wp\/v2\/comments?post=54"}],"version-history":[{"count":2,"href":"https:\/\/cristalservicoscontabeis.com\/index.php\/wp-json\/wp\/v2\/pages\/54\/revisions"}],"predecessor-version":[{"id":57,"href":"https:\/\/cristalservicoscontabeis.com\/index.php\/wp-json\/wp\/v2\/pages\/54\/revisions\/57"}],"wp:attachment":[{"href":"https:\/\/cristalservicoscontabeis.com\/index.php\/wp-json\/wp\/v2\/media?parent=54"}],"curies":[{"name":"wp","href":"https:\/\/api.w.org\/{rel}","templated":true}]}}