{"id":64,"date":"2020-09-04T17:07:37","date_gmt":"2020-09-04T20:07:37","guid":{"rendered":"http:\/\/cristalservicoscontabeis.com\/?page_id=64"},"modified":"2020-09-04T17:07:37","modified_gmt":"2020-09-04T20:07:37","slug":"area-fiscal","status":"publish","type":"page","link":"https:\/\/cristalservicoscontabeis.com\/index.php\/area-fiscal\/","title":{"rendered":"\u00c1rea Fiscal"},"content":{"rendered":"\n<p style=\"text-align: justify\">\n<li>Classifica\u00e7\u00e3o e escritura\u00e7\u00e3o da movimenta\u00e7\u00e3o mensal da empresa, nos termos do Regulamento do Imposto de Circula\u00e7\u00e3o de Mercadorias e servi\u00e7os do Estado de S\u00e3o Paulo e legisla\u00e7\u00e3o acess\u00f3ria estadual;<\/li><br><li>Elabora\u00e7\u00e3o e encaderna\u00e7\u00e3o dos livros de registros fiscais obrigat\u00f3rios;<\/li><br><li>Elabora\u00e7\u00e3o e entrega das guias de apura\u00e7\u00e3o e informa\u00e7\u00e3o;<\/li><br><li>Elabora\u00e7\u00e3o das guias de recolhimento dos impostos estaduais e municipais;<\/li><br><li>Apura\u00e7\u00e3o de DARFs e guias de recolhimentos de tributos;<\/li><br><li>Planejamento Tribut\u00e1rio;<\/li><br><li>Elabora\u00e7\u00e3o para SPEDs Fiscal e Contribui\u00e7\u00f5es.<\/p>\n\n\n\n<p><\/p>\n","protected":false},"excerpt":{"rendered":"<p>Classifica\u00e7\u00e3o e escritura\u00e7\u00e3o da movimenta\u00e7\u00e3o mensal da empresa, nos termos do Regulamento do Imposto de Circula\u00e7\u00e3o de Mercadorias e servi\u00e7os do Estado de S\u00e3o Paulo e legisla\u00e7\u00e3o acess\u00f3ria estadual; Elabora\u00e7\u00e3o e encaderna\u00e7\u00e3o dos livros de registros fiscais obrigat\u00f3rios; Elabora\u00e7\u00e3o e entrega das guias de apura\u00e7\u00e3o e informa\u00e7\u00e3o; Elabora\u00e7\u00e3o das guias de recolhimento dos impostos estaduais &hellip; <\/p>\n<p class=\"link-more\"><a href=\"https:\/\/cristalservicoscontabeis.com\/index.php\/area-fiscal\/\" class=\"more-link\">Continue lendo<span class=\"screen-reader-text\"> &#8220;\u00c1rea Fiscal&#8221;<\/span><\/a><\/p>\n","protected":false},"author":1,"featured_media":65,"parent":0,"menu_order":0,"comment_status":"closed","ping_status":"closed","template":"","meta":[],"_links":{"self":[{"href":"https:\/\/cristalservicoscontabeis.com\/index.php\/wp-json\/wp\/v2\/pages\/64"}],"collection":[{"href":"https:\/\/cristalservicoscontabeis.com\/index.php\/wp-json\/wp\/v2\/pages"}],"about":[{"href":"https:\/\/cristalservicoscontabeis.com\/index.php\/wp-json\/wp\/v2\/types\/page"}],"author":[{"embeddable":true,"href":"https:\/\/cristalservicoscontabeis.com\/index.php\/wp-json\/wp\/v2\/users\/1"}],"replies":[{"embeddable":true,"href":"https:\/\/cristalservicoscontabeis.com\/index.php\/wp-json\/wp\/v2\/comments?post=64"}],"version-history":[{"count":1,"href":"https:\/\/cristalservicoscontabeis.com\/index.php\/wp-json\/wp\/v2\/pages\/64\/revisions"}],"predecessor-version":[{"id":66,"href":"https:\/\/cristalservicoscontabeis.com\/index.php\/wp-json\/wp\/v2\/pages\/64\/revisions\/66"}],"wp:featuredmedia":[{"embeddable":true,"href":"https:\/\/cristalservicoscontabeis.com\/index.php\/wp-json\/wp\/v2\/media\/65"}],"wp:attachment":[{"href":"https:\/\/cristalservicoscontabeis.com\/index.php\/wp-json\/wp\/v2\/media?parent=64"}],"curies":[{"name":"wp","href":"https:\/\/api.w.org\/{rel}","templated":true}]}}