{"id":71,"date":"2020-09-04T17:12:21","date_gmt":"2020-09-04T20:12:21","guid":{"rendered":"http:\/\/cristalservicoscontabeis.com\/?page_id=71"},"modified":"2020-09-04T17:12:54","modified_gmt":"2020-09-04T20:12:54","slug":"demais-servicos","status":"publish","type":"page","link":"https:\/\/cristalservicoscontabeis.com\/index.php\/demais-servicos\/","title":{"rendered":"Demais Servi\u00e7os"},"content":{"rendered":"\n<p style=\"text-align: justify\">\n<li>Atendimento das demais exig\u00eancias previstas na legisla\u00e7\u00e3o, bem como de eventuais solicita\u00e7\u00f5es oriundas de procedimentos de fiscaliza\u00e7\u00e3o;<br>\n<li>Aberturas, Altera\u00e7\u00f5es e Encerramentos de empresas;<br>\n<li>Certid\u00f5es negativas e ou positivas de d\u00e9bitos;<br>\n<li>Declara\u00e7\u00f5es do Imposto de renda pessoa f\u00edsica;<br>\n<li>Orienta\u00e7\u00f5es para s\u00f3cios e funcion\u00e1rios da empresa.<\/p>\n","protected":false},"excerpt":{"rendered":"<p>Atendimento das demais exig\u00eancias previstas na legisla\u00e7\u00e3o, bem como de eventuais solicita\u00e7\u00f5es oriundas de procedimentos de fiscaliza\u00e7\u00e3o; Aberturas, Altera\u00e7\u00f5es e Encerramentos de empresas; Certid\u00f5es negativas e ou positivas de d\u00e9bitos; Declara\u00e7\u00f5es do Imposto de renda pessoa f\u00edsica; Orienta\u00e7\u00f5es para s\u00f3cios e funcion\u00e1rios da empresa.<\/p>\n","protected":false},"author":1,"featured_media":73,"parent":0,"menu_order":0,"comment_status":"closed","ping_status":"closed","template":"","meta":[],"_links":{"self":[{"href":"https:\/\/cristalservicoscontabeis.com\/index.php\/wp-json\/wp\/v2\/pages\/71"}],"collection":[{"href":"https:\/\/cristalservicoscontabeis.com\/index.php\/wp-json\/wp\/v2\/pages"}],"about":[{"href":"https:\/\/cristalservicoscontabeis.com\/index.php\/wp-json\/wp\/v2\/types\/page"}],"author":[{"embeddable":true,"href":"https:\/\/cristalservicoscontabeis.com\/index.php\/wp-json\/wp\/v2\/users\/1"}],"replies":[{"embeddable":true,"href":"https:\/\/cristalservicoscontabeis.com\/index.php\/wp-json\/wp\/v2\/comments?post=71"}],"version-history":[{"count":2,"href":"https:\/\/cristalservicoscontabeis.com\/index.php\/wp-json\/wp\/v2\/pages\/71\/revisions"}],"predecessor-version":[{"id":74,"href":"https:\/\/cristalservicoscontabeis.com\/index.php\/wp-json\/wp\/v2\/pages\/71\/revisions\/74"}],"wp:featuredmedia":[{"embeddable":true,"href":"https:\/\/cristalservicoscontabeis.com\/index.php\/wp-json\/wp\/v2\/media\/73"}],"wp:attachment":[{"href":"https:\/\/cristalservicoscontabeis.com\/index.php\/wp-json\/wp\/v2\/media?parent=71"}],"curies":[{"name":"wp","href":"https:\/\/api.w.org\/{rel}","templated":true}]}}