{"id":75,"date":"2020-09-04T17:14:06","date_gmt":"2020-09-04T20:14:06","guid":{"rendered":"http:\/\/cristalservicoscontabeis.com\/?page_id=75"},"modified":"2020-09-04T17:14:06","modified_gmt":"2020-09-04T20:14:06","slug":"terceiro-setor","status":"publish","type":"page","link":"https:\/\/cristalservicoscontabeis.com\/index.php\/terceiro-setor\/","title":{"rendered":"Terceiro Setor"},"content":{"rendered":"\n<p style=\"text-align: justify\">Com as constantes mudan\u00e7as e o grande n\u00famero de fiscaliza\u00e7\u00e3o, as institui\u00e7\u00f5es sociais id\u00f4neas est\u00e3o sendo levadas a se profissionalizar, para que possam se manter no mercado que est\u00e1 cada vez mais competitivo, pois necessitam apresentar uma gest\u00e3o administrativa extremamente transparente. Para tanto precisam contar com uma equipe interdisciplinar composta por profissionais especialistas que possam contribuir neste processo de amadurecimento e profissionaliza\u00e7\u00e3o.<br>A Cristal Servi\u00e7os Cont\u00e1beis Eireli conta com profissionais gabaritados que atuam no terceiro setor a mais de 20 anos e est\u00e1 capacitada para auxilia-las neste processo de crescimento e grandes mudan\u00e7as.<br>Principais servi\u00e7os direcionados ao terceiro setor que s\u00e3o executados pela Cristal Servi\u00e7os Cont\u00e1beis Eireli:<br>\n<li>Departamento Cont\u00e1bil: Escritura\u00e7\u00e3o segregada por projetos;<br>\n<li>Emiss\u00e3o de balancetes mensais;<br>\n<li>Demonstra\u00e7\u00e3o do resultado social mensal;<br>\n<li>Balan\u00e7o Patrimonial (Demonstra\u00e7\u00e3o do D\u00e9ficit ou Super\u00e1vit do Exerc\u00edcio, <li>Demonstra\u00e7\u00e3o do Fluxo de Caixa, Demonstra\u00e7\u00e3o do Valor Adicionado, <li>Demonstra\u00e7\u00e3o das Muta\u00e7\u00f5es do Patrim\u00f4nio Social, Notas Explicativas e demais demonstra\u00e7\u00f5es exigidas pela legisla\u00e7\u00e3o vigente);<br>\n<li>Emiss\u00e3o do Livro Di\u00e1rio Geral;<br>\n<li>Emiss\u00e3o do Livro Laz\u00e3o Anal\u00edtico;<br>\n<li>Envio da ECD (Escritura\u00e7\u00e3o Cont\u00e1bil Digital);<br>\n<li>Envio da ECF (escritura\u00e7\u00e3o Cont\u00e1bil Fiscal);<br>\n<li>Departamento de Pessoal;<br>Departamento Fiscal;<br>\n<li>Presta\u00e7\u00f5es de contas os \u00f3rg\u00e3os p\u00fablicos;<br>\n<li>Consultoria, Assessoria e Treinamento.<\/p>\n","protected":false},"excerpt":{"rendered":"<p>Com as constantes mudan\u00e7as e o grande n\u00famero de fiscaliza\u00e7\u00e3o, as institui\u00e7\u00f5es sociais id\u00f4neas est\u00e3o sendo levadas a se profissionalizar, para que possam se manter no mercado que est\u00e1 cada vez mais competitivo, pois necessitam apresentar uma gest\u00e3o administrativa extremamente transparente. Para tanto precisam contar com uma equipe interdisciplinar composta por profissionais especialistas que possam &hellip; <\/p>\n<p class=\"link-more\"><a href=\"https:\/\/cristalservicoscontabeis.com\/index.php\/terceiro-setor\/\" class=\"more-link\">Continue lendo<span class=\"screen-reader-text\"> &#8220;Terceiro Setor&#8221;<\/span><\/a><\/p>\n","protected":false},"author":1,"featured_media":76,"parent":0,"menu_order":0,"comment_status":"closed","ping_status":"closed","template":"","meta":[],"_links":{"self":[{"href":"https:\/\/cristalservicoscontabeis.com\/index.php\/wp-json\/wp\/v2\/pages\/75"}],"collection":[{"href":"https:\/\/cristalservicoscontabeis.com\/index.php\/wp-json\/wp\/v2\/pages"}],"about":[{"href":"https:\/\/cristalservicoscontabeis.com\/index.php\/wp-json\/wp\/v2\/types\/page"}],"author":[{"embeddable":true,"href":"https:\/\/cristalservicoscontabeis.com\/index.php\/wp-json\/wp\/v2\/users\/1"}],"replies":[{"embeddable":true,"href":"https:\/\/cristalservicoscontabeis.com\/index.php\/wp-json\/wp\/v2\/comments?post=75"}],"version-history":[{"count":1,"href":"https:\/\/cristalservicoscontabeis.com\/index.php\/wp-json\/wp\/v2\/pages\/75\/revisions"}],"predecessor-version":[{"id":77,"href":"https:\/\/cristalservicoscontabeis.com\/index.php\/wp-json\/wp\/v2\/pages\/75\/revisions\/77"}],"wp:featuredmedia":[{"embeddable":true,"href":"https:\/\/cristalservicoscontabeis.com\/index.php\/wp-json\/wp\/v2\/media\/76"}],"wp:attachment":[{"href":"https:\/\/cristalservicoscontabeis.com\/index.php\/wp-json\/wp\/v2\/media?parent=75"}],"curies":[{"name":"wp","href":"https:\/\/api.w.org\/{rel}","templated":true}]}}